{"id":916,"date":"2017-03-28T21:23:26","date_gmt":"2017-03-28T20:23:26","guid":{"rendered":"http:\/\/www.ips-pljockanje.hr\/?page_id=916"},"modified":"2020-10-25T22:09:37","modified_gmt":"2020-10-25T21:09:37","slug":"psh","status":"publish","type":"page","link":"https:\/\/www.ips-pljockanje.hr\/?page_id=916","title":{"rendered":"PLJO\u010cKARSKI SAVEZ HRVATSKE"},"content":{"rendered":"<p>PSH je jedan od temeljnih ciljeva koji su pljo\u010dkari pripremali dugo godina, osnovan na inicijativu Istarskog Pljo\u010dkarskog Saveza kojoj su se pridru\u017eili\u00a0 ljubitelji pljo\u010dkanja iz Grada Zagreba i Hrvatskog zagorja.<br \/>\nNajva\u017eniji cilj koji je Savez postavio u svom djelovanju je razvoj &#8220;tradicijske igre pljo\u010dkanje&#8221; u sport, prema Zakonu o sportu u skladu sa Olimpijskim na\u010delima i principima sporta. U tom pravcu prilagodili smo sve dokumente i akte Saveza i istrajemo na stvaranju sportske organizacije koja \u0107e zacrtani cilj dovesti do kraja.<br \/>\nPSH u realizaciji tog cilja djeluje u tri osnovna pravca a to su: <strong>Prvenstvo Hrvatske u pljo\u010dkanju<\/strong> (u tri discipline), <strong>me\u0111unarodni turniri pod nazivom &#8220;POKAL ALPE-ADRIA&#8221;<\/strong> (Hrvatska, BiH, Italija i Slovenija) te <strong>susreti Hrvatske reprezentacije<\/strong> u pljo\u010dkanju.<br \/>\nUz navedene ciljeve i pravce djelovanja, PSH intenzivno radi na \u0161irenju &#8220;pljo\u010dkarskog sporta&#8221; na podru\u010dju Hrvatske i \u0161ire.<\/p>\n<p><a href=\"http:\/\/www.ips-pljockanje.hr\/wp-content\/uploads\/2017\/04\/PSH-ACdP.png\"><img decoding=\"async\" loading=\"lazy\" class=\"alignnone  wp-image-1010\" src=\"http:\/\/www.ips-pljockanje.hr\/wp-content\/uploads\/2017\/04\/PSH-ACdP-250x300.png\" alt=\"\" width=\"94\" height=\"113\" \/><\/a><\/p>\n<p><strong>Pljo\u010dkarski Savez Hrvatske &#8211; PSH<\/strong>, je osnovan na osniva\u010dkoj skup\u0161tini 17. kolovoza 2016. godine. Ve\u0107 je krajem kolovoza podnijet zahtjev za upis u Registar udruga RH, koji postupak je zavr\u0161en 28. prosinca 2016. godine.<\/p>\n<p>Osnovni cilj osnivanja PSH je razvoj pljo\u010dkanja u pravcu sporta i upis u nomenklaturu sportova pri HOO. Usvojeni su potrebni akti za legalno djelovanje Saveza u skladu sa Zakonom o udrugama i Zakonom o sportu, te nastavljamo sa aktivnostima na osnivanju &#8220;me\u0111unarodne pljo\u010dkarske asocijacije&#8221;.<\/p>\n<blockquote><p>Predsjednik PSH: Milivoj Pacenti, tel. 099\/699 0601<\/p>\n<p>Podpredsjednik PSH: Dragutin Lon\u010dar, tel. 098\/561 763<\/p>\n<p>e-mail: pljockari.lanterna@yahoo.com<\/p>\n<p>OIB:\u00a044804618202; MBS: 04663454<\/p>\n<p>IBAN:\u00a0HR06 2340 0091 1108 4480 0 &#8211; PBZ d.d. Zagreb<\/p><\/blockquote>\n","protected":false},"excerpt":{"rendered":"<p>PSH je jedan od temeljnih ciljeva koji su pljo\u010dkari pripremali dugo godina, osnovan na inicijativu Istarskog Pljo\u010dkarskog Saveza kojoj su se pridru\u017eili\u00a0 ljubitelji pljo\u010dkanja iz Grada Zagreba i Hrvatskog zagorja. Najva\u017eniji cilj koji je Savez postavio u svom djelovanju je<\/p>\n","protected":false},"author":2,"featured_media":0,"parent":0,"menu_order":0,"comment_status":"closed","ping_status":"closed","template":"","meta":[],"_links":{"self":[{"href":"https:\/\/www.ips-pljockanje.hr\/index.php?rest_route=\/wp\/v2\/pages\/916"}],"collection":[{"href":"https:\/\/www.ips-pljockanje.hr\/index.php?rest_route=\/wp\/v2\/pages"}],"about":[{"href":"https:\/\/www.ips-pljockanje.hr\/index.php?rest_route=\/wp\/v2\/types\/page"}],"author":[{"embeddable":true,"href":"https:\/\/www.ips-pljockanje.hr\/index.php?rest_route=\/wp\/v2\/users\/2"}],"replies":[{"embeddable":true,"href":"https:\/\/www.ips-pljockanje.hr\/index.php?rest_route=%2Fwp%2Fv2%2Fcomments&post=916"}],"version-history":[{"count":24,"href":"https:\/\/www.ips-pljockanje.hr\/index.php?rest_route=\/wp\/v2\/pages\/916\/revisions"}],"predecessor-version":[{"id":1879,"href":"https:\/\/www.ips-pljockanje.hr\/index.php?rest_route=\/wp\/v2\/pages\/916\/revisions\/1879"}],"wp:attachment":[{"href":"https:\/\/www.ips-pljockanje.hr\/index.php?rest_route=%2Fwp%2Fv2%2Fmedia&parent=916"}],"curies":[{"name":"wp","href":"https:\/\/api.w.org\/{rel}","templated":true}]}}