{"id":80,"date":"2014-09-04T13:47:05","date_gmt":"2014-09-04T12:47:05","guid":{"rendered":"http:\/\/www.ips-pljockanje.hr\/?page_id=80"},"modified":"2023-05-01T18:50:22","modified_gmt":"2023-05-01T17:50:22","slug":"kontakt","status":"publish","type":"page","link":"https:\/\/www.ips-pljockanje.hr\/?page_id=80","title":{"rendered":"KONTAKTI"},"content":{"rendered":"<p><a href=\"http:\/\/www.ips-pljockanje.hr\/wp-content\/uploads\/2014\/09\/cropped-IPS-logo-2.jpg\"><img decoding=\"async\" loading=\"lazy\" class=\"alignnone  wp-image-1833\" src=\"http:\/\/www.ips-pljockanje.hr\/wp-content\/uploads\/2014\/09\/cropped-IPS-logo-2.jpg\" alt=\"\" width=\"108\" height=\"117\" \/><\/a><a href=\"http:\/\/www.ips-pljockanje.hr\/wp-content\/uploads\/2016\/03\/logo-mfp-e1458835608174.jpg\"> \u00a0<img decoding=\"async\" loading=\"lazy\" class=\"alignnone  wp-image-671\" src=\"http:\/\/www.ips-pljockanje.hr\/wp-content\/uploads\/2016\/03\/logo-mfp-e1457975560631-259x300.jpg\" alt=\"\" width=\"106\" height=\"123\" \/><\/a><\/p>\n<p><strong>Istarski pljo\u010dkarski savez<\/strong><\/p>\n<p>Svetvin\u010denat 47, 52342 SVETVIN\u010cENAT<br \/>Registar udruga RH broj: 18002272<br \/>OIB: 53115159972<br \/>MB: 2819813<\/p>\n<p>IBAN: HR66 2380 0061 1320 0139 3, IKB Umag<\/p>\n<p><strong>Predsjednik udruge i Predsjedni\u0161tva:<\/strong><br \/>Armando Fabijan\u010di\u0107, tel. 091 166 7228; e-mail: <a href=\"mailto:fabijancicvin@gmail.com\">fabijancicvin@gmail.com<\/a><\/p>\n<p><strong>Tajnik udruge:<\/strong><br \/>Jo\u017eef \u0160ere\u0161, tel. 091 558 4585; e-mail: <a href=\"mailto:tajnik.ips@gmail.com\">tajnik.ips@gmail.com<\/a><\/p>\n<p style=\"text-align: justify;\"><strong>\u010clan skup\u0161tine AEJeST-a:<\/strong><\/p>\n<p style=\"text-align: justify;\">Milivoj Pacenti, tel. 099 699 0601; e-mail: <a href=\"mailto:pljockari.lanterna@yahoo.com\">pljockari.lanterna@yahoo.com<\/a><\/p>\n\n\n<p>\u00a0<\/p>\n<p><a href=\"http:\/\/www.ips-pljockanje.hr\/wp-content\/uploads\/2017\/04\/PSH-ACdP-e1603572223527.png\"><img decoding=\"async\" loading=\"lazy\" class=\"alignnone  wp-image-1010\" src=\"http:\/\/www.ips-pljockanje.hr\/wp-content\/uploads\/2017\/04\/PSH-ACdP-250x300.png\" alt=\"\" width=\"114\" height=\"137\" \/> <\/a><a href=\"http:\/\/www.ips-pljockanje.hr\/wp-content\/uploads\/2022\/07\/NCP-Sv.-Petar-u-Sumi.jpg\"><img decoding=\"async\" loading=\"lazy\" class=\"alignnone  wp-image-2129\" src=\"http:\/\/www.ips-pljockanje.hr\/wp-content\/uploads\/2022\/07\/NCP-Sv.-Petar-u-Sumi-300x286.jpg\" alt=\"\" width=\"145\" height=\"138\" srcset=\"https:\/\/www.ips-pljockanje.hr\/wp-content\/uploads\/2022\/07\/NCP-Sv.-Petar-u-Sumi-300x286.jpg 300w, https:\/\/www.ips-pljockanje.hr\/wp-content\/uploads\/2022\/07\/NCP-Sv.-Petar-u-Sumi.jpg 590w\" sizes=\"(max-width: 145px) 100vw, 145px\" \/><\/a><\/p>\n<p><strong>Pljo\u010dkarski Savez Hrvatske<\/strong><\/p>\n<p style=\"text-align: left;\">Svetvin\u010denat 47, 52342 SVETVIN\u010cENAT<br \/>Registar udruga RH broj: 18003046<br \/>OIB: 44804618202<br \/>MB: 4663454<\/p>\n<p>IBAN:<strong> HR06 2340 0091 1108 4480 0; <\/strong>PBZ d.d. Zagreb<\/p>\n<p>Nacionalni centar pljo\u010dkanja smje\u0161ten je u sklopu sportskog centra u SV. PETRU U \u0160UMI<\/p>\n<p><b>DONACIJE PLJO\u010cKARSKOM SAVEZU HRVATSKE mo\u017eete uplatiti klikom na bar code u nastavku:<\/b><\/p>\n<p><a style=\"font-size: inherit;\" href=\"http:\/\/www.ips-pljockanje.hr\/wp-content\/uploads\/2020\/10\/PSH-barcode-placanja.png\"><img decoding=\"async\" loading=\"lazy\" class=\"alignnone size-full wp-image-1856\" src=\"http:\/\/www.ips-pljockanje.hr\/wp-content\/uploads\/2020\/10\/PSH-barcode-placanja.png\" alt=\"\" width=\"282\" height=\"144\" \/><\/a><\/p>\n<p><strong>Predsjednik:<\/strong> Milivoj Pacenti, tel: 099 699 0601; e-mail: <a href=\"mailto:predsjednik.hstis@gmail.com\">predsjednik.hstis@gmail.com<\/a><br \/><strong>Podpredsjednik:<\/strong> Dragutin Lon\u010dar, tel: 098\/561 763; e-mail: <a href=\"mailto:dragutin.loncar1@kr.t-com.hr\">dragutin.loncar1@kr.t-com.hr<\/a>\u00a0<\/p>\n","protected":false},"excerpt":{"rendered":"<p>\u00a0 Istarski pljo\u010dkarski savez Svetvin\u010denat 47, 52342 SVETVIN\u010cENATRegistar udruga RH broj: 18002272OIB: 53115159972MB: 2819813 IBAN: HR66 2380 0061 1320 0139 3, IKB Umag Predsjednik udruge i Predsjedni\u0161tva:Armando Fabijan\u010di\u0107, tel. 091 166 7228; e-mail: fabijancicvin@gmail.com Tajnik udruge:Jo\u017eef \u0160ere\u0161, tel. 091 558<\/p>\n","protected":false},"author":1,"featured_media":0,"parent":0,"menu_order":0,"comment_status":"closed","ping_status":"closed","template":"","meta":[],"_links":{"self":[{"href":"https:\/\/www.ips-pljockanje.hr\/index.php?rest_route=\/wp\/v2\/pages\/80"}],"collection":[{"href":"https:\/\/www.ips-pljockanje.hr\/index.php?rest_route=\/wp\/v2\/pages"}],"about":[{"href":"https:\/\/www.ips-pljockanje.hr\/index.php?rest_route=\/wp\/v2\/types\/page"}],"author":[{"embeddable":true,"href":"https:\/\/www.ips-pljockanje.hr\/index.php?rest_route=\/wp\/v2\/users\/1"}],"replies":[{"embeddable":true,"href":"https:\/\/www.ips-pljockanje.hr\/index.php?rest_route=%2Fwp%2Fv2%2Fcomments&post=80"}],"version-history":[{"count":33,"href":"https:\/\/www.ips-pljockanje.hr\/index.php?rest_route=\/wp\/v2\/pages\/80\/revisions"}],"predecessor-version":[{"id":2273,"href":"https:\/\/www.ips-pljockanje.hr\/index.php?rest_route=\/wp\/v2\/pages\/80\/revisions\/2273"}],"wp:attachment":[{"href":"https:\/\/www.ips-pljockanje.hr\/index.php?rest_route=%2Fwp%2Fv2%2Fmedia&parent=80"}],"curies":[{"name":"wp","href":"https:\/\/api.w.org\/{rel}","templated":true}]}}