{"id":62,"date":"2014-09-03T18:46:00","date_gmt":"2014-09-03T17:46:00","guid":{"rendered":"http:\/\/www.ips-pljockanje.hr\/?page_id=62"},"modified":"2023-05-02T22:09:35","modified_gmt":"2023-05-02T21:09:35","slug":"pk-tinjan","status":"publish","type":"page","link":"https:\/\/www.ips-pljockanje.hr\/?page_id=62","title":{"rendered":"TURNIRI TRADICIJSKOG PLJO\u010cKANJA"},"content":{"rendered":"<p>Odr\u017eavanje pljo\u010dkarskih turnira tradicijskim na\u010dinom, odnosno kamenim klesanim pljo\u010dkama, predstavlja jednu od temeljnih zada\u0107a koje je IPS prihvatio u sklopu aktivnosti o\u010duvanja kulturnog dobra &#8220;pljo\u010dkanja&#8221;.<br \/>\nTijekom godine u Organizaciji IPS-a odr\u017ei se 8 &#8211; 10 turnira tradicijskim na\u010dinom, dok se jo\u0161 nekoliko odr\u017ei izvan organizacije IPS-a, \u0161to nas podjednako veseli, jer sve to doprinosi na\u0161em najva\u017enijem cilju a to je o\u010duvanje tradicije.<\/p>\n<p><strong>U 2023. godini odr\u017eani su slijede\u0107i turniri:<\/strong><\/p>\n<blockquote>\n<ul>\n<li>10. travnja 2023, Uskr\u0161nji ponedjeljak, tradicionalni turnir povodom pu\u010dkog okupljanja u Sv. Pelegrinu, Umag. Kamene klesane pljo\u010dke na dva balina, bez ozna\u010denih pljo\u010dkali\u0161ta.<\/li>\n<li>10. travnja 2023, Uskr\u0161nji ponedjeljak, &#8220;fe\u0161ta od \u0161palete&#8221; Stancija Bur\u0161i\u0107, Vodnjan.<\/li>\n<li>1. svibanj 2023, tradicionalno pu\u010dko okupljanje u \u0160ijanskoj \u0161umi, Pula. Kamene pljo\u010dke.<\/li>\n<\/ul>\n<\/blockquote>\n<p><em><strong>U 2022. godini su jo\u0161 uvijek sva okupljanja bila limitirana pa tako i odr\u017eavanje turnira.<\/strong><\/em><\/p>\n<p><em><strong>U 2021. godini, nastavljene su mjere povezane sa Pandemijom Coronvirusa koje su utjecale na odr\u017eavanje tradicijskih turnira u pljo\u010dkanju.<\/strong><\/em><\/p>\n<p><em><strong>U 2020. godini nije bilo mogu\u0107e odr\u017eavati turnire koji su povezani sa masovnim okupljanjima obzirom da se odr\u017eavaju u sklopu pu\u010dkih &#8220;fe\u0161ti&#8221;\u00a0 i svetkovina.<\/strong><\/em><\/p>\n<p><strong>U 2019. godini odr\u017eani su slijede\u0107i turniri:<\/strong><\/p>\n<blockquote>\n<ul>\n<li>21. travnja 2019, Uskr\u0161nji ponedjeljak, tradicionalni turnir povodom pu\u010dkog okupljanja u Sv. Pelegrinu, Umag. Kamene klesane pljo\u010dke na dva balina, bez ozna\u010denih pljo\u010dkali\u0161ta.<\/li>\n<li>21. travnja 2019, Uskr\u0161nji ponedjeljak, &#8220;fe\u0161ta od \u0161palete&#8221; Stancija Bur\u0161i\u0107, Vodnjan.<\/li>\n<li>1. svibanj 2019, pu\u010dko okupljanje u \u0160ijanskoj \u0161umi, Pula. Kamene pljo\u010dke.<\/li>\n<li>\u00a014. lipanj 2019, <em>4. me\u0111unarodni festival pljo\u010dkanja<\/em>, Svetvin\u010denat.<\/li>\n<li>27. srpanj 2019, Jakovlja Kanfanar, tradicionalna pu\u010dka fe\u0161ta i sajam &#8220;bo\u0161karina&#8221;.<\/li>\n<li>\u00a031. kolovoza 2019, &#8220;\u017dminjska BARTULJA&#8221;, tradicionalna pu\u010dka festa.<\/li>\n<li>7. rujna 2019, Subotina po starinski\/Buzet, kamene klesane pljo\u010dke,<\/li>\n<li>19. listopada 2019, ISAP Tinjan, kamene pljo\u010dke,<\/li>\n<\/ul>\n<\/blockquote>\n<p><strong>U 2018. godini odr\u017eani su slijede\u0107i turniri:<\/strong><\/p>\n<blockquote>\n<ul>\n<li>9. travnja 2018, Uskr\u0161nji ponedjeljak, tradicionalni turnir povodom pu\u010dkog okupljanja u Sv. Pelegrinu, Umag. Kamene klesane pljo\u010dke na dva balina, bez ozna\u010denih pljo\u010dkali\u0161ta.<\/li>\n<li>9. travnja 2018, Uskr\u0161nji ponedjeljak, &#8220;fe\u0161ta od \u0161palete&#8221; Stancija Bur\u0161i\u0107, Vodnjan.<\/li>\n<li>1. svibanj 2018, pu\u010dko okupljanje u \u0160ijanskoj \u0161umi, Pula. Kamene pljo\u010dke.<\/li>\n<li>9. lipnja 2018, Sv. German\/Bokordi\u0107i\/Svetvin\u010denat, kamene pljo\u010dke,<\/li>\n<li>28. srpanj 2018, Jakovlja Kanfanar, tradicionalna pu\u010dka fe\u0161ta i sajam &#8220;bo\u0161karina&#8221;,<\/li>\n<li>1. rujna 2018, Subotina po starinski\/Buzet, kamene klesane pljo\u010dke,<\/li>\n<li>15. rujna 2018, Slovenija\/Vogrsko &#8211; vijadukt, tradicionalni turnir trojki sa dvije pljo\u010dke.<\/li>\n<li>20. listopada 2018, ISAP Tinjan, kamene pljo\u010dke,<\/li>\n<li>15. prosinca 2018, Sv. Lucija u Selini\/Sv. Lovre\u010d, kamene klesane pljo\u010dke.<\/li>\n<\/ul>\n<\/blockquote>\n<p><strong>U 2017 godini odr\u017eani su slijede\u0107i turniri:<\/strong><\/p>\n<blockquote>\n<ul>\n<li>17. travnja 2017, Uskr\u0161nji ponedjeljak, tradicionalni turnir povodom pu\u010dkog okupljanja u Sv. Pelegrinu, Umag. Kamene klesane pljo\u010dke na dva balina, bez ozna\u010denih pljo\u010dkali\u0161ta.<\/li>\n<li>17. travnja 2017, Uskr\u0161nji ponedjeljak, &#8220;fe\u0161ta od \u0161palete&#8221; Stancija Bur\u0161i\u0107, Vodnjan.<\/li>\n<li>1. svibanj 2017, pu\u010dko okupljanje u \u0160ijanskoj \u0161umi, Pula. Kamene pljo\u010dke.<\/li>\n<li>3. lipnja 2017, Sv. German\/Bokordi\u0107i\/Svetvin\u010denat, kamene pljo\u010dke,<\/li>\n<li>10. lipnja 2017, Slovenija\/Vogrsko &#8211; vijadukt, tradicionalni turnir trojki sa dvije pljo\u010dke.<\/li>\n<li>15. srpnja 2017, KONTRADA 2017, pu\u010dka fe\u0161ta u Div\u0161i\u0107ima\/Mar\u010dana,<\/li>\n<li>29. srpanj 2017, Jakovlja Kanfanar, tradicionalna pu\u010dka fe\u0161ta i sajam &#8220;bo\u0161karina&#8221;,<\/li>\n<li>10. rujna 2017, Subotina po starinski\/Buzet, kamene klesane pljo\u010dke,<\/li>\n<li>15. listopada 2017, ISAP Tinjan, kamene pljo\u010dke,<\/li>\n<li>16. prosinca 2017, Sv. Lucija u Selini\/Sv. Lovre\u010d, kamene klesane pljo\u010dke.<\/li>\n<\/ul>\n<\/blockquote>\n<p><strong>Povjerenik IPS-a za tradicijsko pljo\u010dkanje; Ivan Barbaro, tel. 098 328 925<\/strong><\/p>\n","protected":false},"excerpt":{"rendered":"<p>Odr\u017eavanje pljo\u010dkarskih turnira tradicijskim na\u010dinom, odnosno kamenim klesanim pljo\u010dkama, predstavlja jednu od temeljnih zada\u0107a koje je IPS prihvatio u sklopu aktivnosti o\u010duvanja kulturnog dobra &#8220;pljo\u010dkanja&#8221;. Tijekom godine u Organizaciji IPS-a odr\u017ei se 8 &#8211; 10 turnira tradicijskim na\u010dinom, dok se<\/p>\n","protected":false},"author":1,"featured_media":0,"parent":0,"menu_order":0,"comment_status":"closed","ping_status":"closed","template":"","meta":[],"_links":{"self":[{"href":"https:\/\/www.ips-pljockanje.hr\/index.php?rest_route=\/wp\/v2\/pages\/62"}],"collection":[{"href":"https:\/\/www.ips-pljockanje.hr\/index.php?rest_route=\/wp\/v2\/pages"}],"about":[{"href":"https:\/\/www.ips-pljockanje.hr\/index.php?rest_route=\/wp\/v2\/types\/page"}],"author":[{"embeddable":true,"href":"https:\/\/www.ips-pljockanje.hr\/index.php?rest_route=\/wp\/v2\/users\/1"}],"replies":[{"embeddable":true,"href":"https:\/\/www.ips-pljockanje.hr\/index.php?rest_route=%2Fwp%2Fv2%2Fcomments&post=62"}],"version-history":[{"count":18,"href":"https:\/\/www.ips-pljockanje.hr\/index.php?rest_route=\/wp\/v2\/pages\/62\/revisions"}],"predecessor-version":[{"id":2281,"href":"https:\/\/www.ips-pljockanje.hr\/index.php?rest_route=\/wp\/v2\/pages\/62\/revisions\/2281"}],"wp:attachment":[{"href":"https:\/\/www.ips-pljockanje.hr\/index.php?rest_route=%2Fwp%2Fv2%2Fmedia&parent=62"}],"curies":[{"name":"wp","href":"https:\/\/api.w.org\/{rel}","templated":true}]}}