{"id":329,"date":"2015-04-17T19:02:59","date_gmt":"2015-04-17T18:02:59","guid":{"rendered":"http:\/\/www.ips-pljockanje.hr\/?page_id=329"},"modified":"2023-06-13T15:54:23","modified_gmt":"2023-06-13T14:54:23","slug":"sv-petar-u-sumi","status":"publish","type":"page","link":"https:\/\/www.ips-pljockanje.hr\/?page_id=329","title":{"rendered":"PRVENSTVO HRVATSKE &#8211; LIGA"},"content":{"rendered":"<p>Od 2017. godine, natjecanje koje je bilo poznato kao Istarska Pljo\u010dkarska Liga (IPL), preraslo je u Prvenstvo Hrvatske u pljo\u010dkanju. Prvenstvo se odigrava u dva ranga, regionalni i finalni odnosno Playoff. Regionalna natjecanja mogu biti podijeljena u tri (3) ili u \u010detiri (4) regije.<\/p>\n<p>2023. godine, done\u0161ena je odluka da se Prvenstvo Hrvatske za &#8220;ekipe&#8221; odr\u017ei kao jedinstvena liga u kojoj se igra po sistemu svaki sa svakim.<\/p>\n<p><strong><a href=\"http:\/\/www.ips-pljockanje.hr\/wp-content\/uploads\/2023\/06\/Kalendar-za-2023-ispravak.pdf\">Kalendar za 2023-ispravak<\/a><\/strong><\/p>\n<p>Kod sistema sa <strong>tri (3) regije;<\/strong> <em>JUG, CENTAR i SJEVER<\/em>, iz regija <em>JUG i CENTAR<\/em> tri prvoplasirane ekipe ili \u0161est (6) pojedinaca, stje\u010du pravo igranja na finalnom Play-off turniru dok iz regije <em>SJEVER<\/em> to pravo stje\u010du dvije (2) ekipe odnosno \u010detiri (4) pojedinca.<\/p>\n<p>Kod sistema sa <strong>\u010detiri (4) regije:<\/strong> JUG, CENTAR, SJEVER i ZAGORJE, iz svake od regija po dvije prvoplasirane ekipe odnosno \u010detiri (4) pojedinca, stje\u010du pravo nastupa na finalnim Play-off turnirima.<span style=\"display: inline !important; float: none; background-color: #ffffff; color: #191e23; cursor: text; font-family: 'Noto Serif'; font-size: 16px; font-style: normal; font-variant: normal; font-weight: 400; letter-spacing: normal; orphans: 2; text-align: left; text-decoration: none; text-indent: 0px; text-transform: none; -webkit-text-stroke-width: 0px; white-space: normal; word-spacing: 0px;\">\u00a0<\/span>Na\u010din odigravanja opisan je u Propozicijama i primjenjuje se za natjecanje <strong>pojedinaca, parova<\/strong> i natjecanje <strong>ekipa<\/strong>.<\/p>\n<p><strong>Natjecanja u pljo\u010dkanju Prvenstva Hrvatske u 2022. godini,<\/strong> zapo\u010dinju 27\/03\/2022. godine, natjecanjima ekipa prema regionalnom ustroju. Ove godine primjenjivati \u0107e se ustroj sa tri (3) regije. Nakon odigravanja za ekipe odr\u017eati \u0107e se natjecanja za pojedince i parove, tako\u0111er prema ustroju na tri (3) regije. Voditelj natjecanja PSH, Jo\u017eef \u0160ere\u0161, tajnik IPS-a, redovito \u0107e putem maila obavje\u0161tavati sve klubove o tijeku i eventualnim promjenama ili izmjenama KALENDARA NATJECANJA za 2022. godinu.<\/p>\n<p><strong><a href=\"http:\/\/www.ips-pljockanje.hr\/wp-content\/uploads\/2022\/03\/Kalendar-natjecanja-za-2022_prijedlog_4.pdf\">Kalendar natjecanja za 2022_prijedlog_4<\/a><\/strong><\/p>\n<p><strong>Natjecanja u pljo\u010dkanju u 2021. godini<\/strong> zapo\u010dela su 7. o\u017eujka natjecanjima po &#8220;regijama&#8221;. Prema KALENDARU NATJECANJA, sva natjecanja drugog ranga trebala bi biti dovr\u0161ena do kraja svibnja, dok bi se finalni Play-off turniri odigravali nakon ljeta. Situacija vezana za epidemiju Covid 19 vrlo sna\u017eno utje\u010de na realizaciju planiranih aktivnosti kao i u protekloj 2020. godini.<\/p>\n<p><strong><a href=\"http:\/\/www.ips-pljockanje.hr\/wp-content\/uploads\/2021\/03\/PSH-kalendar-natjecanja-2021.pdf\">PSH kalendar natjecanja 2021<\/a><\/strong><\/p>\n<p><strong>Natjecanja za 2020. godinu<\/strong> zapo\u010dela su sa odigravanjem 1. kola Prvenstva Hrvatske za ekipe, 8. lipnja 2020. godine, nakon \u010dega su se odigrala natjecanja u igri <strong>parova i pojedinaca<\/strong> tako\u0111er prema regionalnom ustroju.<\/p>\n<p><span style=\"color: #ff0000;\"><strong><a style=\"color: #ff0000;\" href=\"http:\/\/www.ips-pljockanje.hr\/wp-content\/uploads\/2020\/09\/PSH-kalendar-natjecanja-2020.pdf\">PSH kalendar natjecanja 2020<\/a><\/strong><\/span><\/p>\n<p><strong>28. kolovoza 2020.<\/strong> odigrano je prvo finale i to PAROVA u Mar\u010denegli. Prvo mjesto i titulu &#8220;Prvaka Hrvatske u pljo\u010dkanju parova&#8221; osvojila je ekipa (par) iz MAR\u010cENEGLE, u sastavu Armando Fabijan\u010di\u0107 i Zlatko An\u010di\u0107 koji su u finalnom me\u010du bili bolji od ekipe SUTIVANCA u sastavu Franko Filipli\u0107 i Robert Zovi\u0107. Tre\u0107e mjesto osvojili su pro\u0161logodi\u0161nji pobjednici ekipa \u017dMINJA u sastavu Dragan Matika i Loris Mareti\u0107 koji su bili uspje\u0161niji od ekipe MAKRICA u sastavu: \u017deljko Curman i Darko Tu\u0111a.<\/p>\n<p><strong>12. rujna 2020.<\/strong> odigrano je finale za ekipe u Pustima pokraj Svetvin\u010denta. Titulu &#8220;Prvaka Hrvatske u pljo\u010dkanju za ekipe&#8221; osvojili su pljo\u010dkari iz PK \u017dminja koji su bili bolji od drugoplasirane ekipe PK Mokrica dok je tre\u0107e mjesto zaslu\u017eeno osvojila ekipa \u0160PK Murina.<\/p>\n<p><strong>3. listopada 2020.<\/strong> u Oroslavju je odr\u017ean finalni Play-off turnir za &#8220;Prvaka Hrvatske u pljo\u010dkanju pojedinaca&#8221;. Prvo mjesto osvojio je Branko Dru\u017eeta ispred drugoplasiranog \u017deljka Curmana i tre\u0107eplasiranog Dragana Matike.<\/p>\n<p><strong><span style=\"text-align: left; color: #191e23; text-transform: none; text-indent: 0px; letter-spacing: normal; font-family: 'Noto Serif'; font-size: 16px; font-style: normal; font-variant: normal; text-decoration: none; word-spacing: 0px; display: inline !important; white-space: normal; cursor: text; orphans: 2; float: none; -webkit-text-stroke-width: 0px; background-color: #ffffff;\">ARHIVA:<\/span><\/strong><\/p>\n<blockquote>\n<p><strong>U 2019. godini<\/strong> odr\u017eano je Prvenstvo Hrvatske u dvije discipline i to: Prvenstvo Hrvatske za ekipe (prema pro\u0161logodi\u0161njem sistemu) i Prvenstvo Hrvatske u pljo\u010dkanju parova.<\/p>\n<p>Nakon odigranih natjecanja u disciplinama PAROVI i EKIPE, sastavljena je rang lista najboljih pljo\u010dkara PSH. Nagrada najbolje plasiranom pljo\u010dkaru nije dodijeljena zbog neodigranog pojedina\u010dnog natjecanja.<\/p>\n<p>Zavr\u0161ni turnir Prvenstva Hrvatske za parove odr\u017ean je u Babi\u0107ima 21. srpnja 2019, na kojem je par <strong><em>&#8220;Agroturista&#8221;<\/em><\/strong> u sastavu Dragan Matika i Loris Mareti\u0107.<\/p>\n<p>Zavr\u0161ni turir Prvenstva Hrvatske za ekipe odr\u017ean je u Murinama 6. listopada 2019. godine, kojom prilikom je ekipa <strong><em>&#8220;Mar\u010denegle 1&#8221;<\/em><\/strong> vratila naslov pobjedom u finalu nad ekipom <strong><em>&#8220;Agroturista&#8221;<\/em><\/strong>.<\/p>\n<p><strong><a href=\"http:\/\/www.ips-pljockanje.hr\/wp-content\/uploads\/2019\/10\/LIGA-rang-lista-najboljih-pljo\u010dkara.pdf\">LIGA rang lista najboljih pljo\u010dkara<\/a><\/strong><\/p>\n<p><strong><a href=\"http:\/\/www.ips-pljockanje.hr\/wp-content\/uploads\/2019\/03\/PSH_Liga_TERMINI_REZULTATI_2019.pdf\">PSH_Liga_TERMINI_REZULTATI_2019<\/a><\/strong><\/p>\n<p><strong><a href=\"http:\/\/www.ips-pljockanje.hr\/wp-content\/uploads\/2019\/06\/Prvenstvo-Hrvatske-parovi-2019.pdf\">Prvenstvo Hrvatske parovi 2019<\/a><\/strong><\/p>\n<p><strong>2018.<\/strong> Zavr\u0161ni turnir Playoff-a 2018. odr\u017ean je u Svetvin\u010dentu 27. listopada 2018. godine.<\/p>\n<blockquote>\n<p>Ekipa SRK SUTIVANAC u sastavu: Branko Dru\u017eeta, Sandi Belas, Mladen \u0160ugar, Robert Zovi\u0107 i Franko Filipli\u0107, osvaja\u010di su titule &#8220;Prvaka Hrvatske u pljo\u010dkanju ekipa&#8221; za 2018. godinu.<\/p>\n<\/blockquote>\n<p>Termine i rezultate odigranih kola u 2018 godini mo\u017eete pogledati ovdje:<\/p>\n<p><a href=\"http:\/\/www.ips-pljockanje.hr\/wp-content\/uploads\/2018\/06\/PSH_Liga_TERMINI_REZULTATI_2018.pdf\">PSH_Liga_TERMINI_REZULTATI_2018<\/a><\/p>\n<p><a href=\"http:\/\/www.ips-pljockanje.hr\/wp-content\/uploads\/2018\/06\/psh_Tablice_poredak_PLAYOFF_2018.pdf\">psh_Tablice_poredak_PLAYOFF_2018<\/a><\/p>\n<blockquote>\n<p>&#8220;Prvak Hrvatske u pljo\u010dkanju ekipa&#8221; za 2017. godinu je ekipa PK MAR\u010cENEGLA u sastavu: Armando Fabijan\u010di\u0107, Zlatko An\u010di\u0107, Dean Fabijan\u010di\u0107, Vanja Fabijan\u010di\u0107, Neven Majcen i Elvis Konti\u0107.<\/p>\n<\/blockquote>\n<p>Termine i rezultate odigranih kola u 2017 godini mo\u017eete pogledati ovdje:<\/p>\n<p><a href=\"http:\/\/www.ips-pljockanje.hr\/wp-content\/uploads\/2017\/05\/PSH_Liga_kona\u010dni-rezultati.pdf\">PSH_Liga_kona\u010dni rezultati<\/a><\/p>\n<p><a href=\"http:\/\/www.ips-pljockanje.hr\/wp-content\/uploads\/2017\/05\/psh_poredak_po_grupama.pdf\">psh_poredak_po_grupama<\/a><\/p>\n<\/blockquote>\n\n","protected":false},"excerpt":{"rendered":"<p>Od 2017. godine, natjecanje koje je bilo poznato kao Istarska Pljo\u010dkarska Liga (IPL), preraslo je u Prvenstvo Hrvatske u pljo\u010dkanju. Prvenstvo se odigrava u dva ranga, regionalni i finalni odnosno Playoff. Regionalna natjecanja mogu biti podijeljena u tri (3) ili<\/p>\n","protected":false},"author":2,"featured_media":0,"parent":0,"menu_order":0,"comment_status":"closed","ping_status":"closed","template":"","meta":[],"_links":{"self":[{"href":"https:\/\/www.ips-pljockanje.hr\/index.php?rest_route=\/wp\/v2\/pages\/329"}],"collection":[{"href":"https:\/\/www.ips-pljockanje.hr\/index.php?rest_route=\/wp\/v2\/pages"}],"about":[{"href":"https:\/\/www.ips-pljockanje.hr\/index.php?rest_route=\/wp\/v2\/types\/page"}],"author":[{"embeddable":true,"href":"https:\/\/www.ips-pljockanje.hr\/index.php?rest_route=\/wp\/v2\/users\/2"}],"replies":[{"embeddable":true,"href":"https:\/\/www.ips-pljockanje.hr\/index.php?rest_route=%2Fwp%2Fv2%2Fcomments&post=329"}],"version-history":[{"count":43,"href":"https:\/\/www.ips-pljockanje.hr\/index.php?rest_route=\/wp\/v2\/pages\/329\/revisions"}],"predecessor-version":[{"id":2298,"href":"https:\/\/www.ips-pljockanje.hr\/index.php?rest_route=\/wp\/v2\/pages\/329\/revisions\/2298"}],"wp:attachment":[{"href":"https:\/\/www.ips-pljockanje.hr\/index.php?rest_route=%2Fwp%2Fv2%2Fmedia&parent=329"}],"curies":[{"name":"wp","href":"https:\/\/api.w.org\/{rel}","templated":true}]}}