{"id":325,"date":"2015-04-17T18:58:54","date_gmt":"2015-04-17T17:58:54","guid":{"rendered":"http:\/\/www.ips-pljockanje.hr\/?page_id=325"},"modified":"2023-06-13T15:50:56","modified_gmt":"2023-06-13T14:50:56","slug":"pk-murine","status":"publish","type":"page","link":"https:\/\/www.ips-pljockanje.hr\/?page_id=325","title":{"rendered":"PLJO\u010cKARSKI TURNIRI"},"content":{"rendered":"<p>Turnirska natjecanja odr\u017eavaju se prema <strong>KALENDARU NATJECANJA <\/strong>za teku\u0107u godinu. <strong>Od 2019. godine<\/strong>, program turnirskih natjecanja donosi promjene u organizaciji i na\u010dinu bodovanja. U organizaciji PSH odr\u017eavati \u0107e se turniri iz serije <strong>&#8220;POKAL ALPE-ADRIA&#8221;<\/strong>, koji se boduju prema Propozicijama. Ostali, tradicionalni turniri izvan te serije, nisu u organizaciji PSH nego u organizaciji IPS-a ili pojedinih klubova i takvi turniri se ne\u0107e bodovati na slu\u017ebenim rang listama PSH.<\/p>\n<p><strong><a href=\"http:\/\/www.ips-pljockanje.hr\/wp-content\/uploads\/2023\/06\/Kalendar-za-2023-ispravak.pdf\">Kalendar za 2023-ispravak<\/a><\/strong><\/p>\n<p>*************<\/p>\n<p><strong><a href=\"http:\/\/www.ips-pljockanje.hr\/wp-content\/uploads\/2022\/03\/Kalendar-natjecanja-za-2022_prijedlog_4.pdf\">Kalendar natjecanja za 2022_prijedlog_4<\/a><\/strong><\/p>\n<p>*************<\/p>\n<p><strong><a href=\"http:\/\/www.ips-pljockanje.hr\/wp-content\/uploads\/2021\/03\/PSH-kalendar-natjecanja-2021.pdf\">PSH kalendar natjecanja 2021<\/a><\/strong><\/p>\n<p>************<\/p>\n<p>Zbog epidemije Covid 19 tijekom 2020. godine nije bilo mogu\u0107e odr\u017eati me\u0111unarodne turnire za &#8220;POKAL ALPE-ADRIA&#8221; i susrete reprezentacija.<\/p>\n<p><strong><a href=\"http:\/\/www.ips-pljockanje.hr\/wp-content\/uploads\/2020\/09\/PSH-kalendar-natjecanja-2020.pdf\">PSH kalendar natjecanja 2020<\/a><\/strong><\/p>\n<p>***********<\/p>\n<p><a href=\"http:\/\/www.ips-pljockanje.hr\/wp-content\/uploads\/2019\/08\/kalendar-natjecanja-2019.pdf\"><strong>kalendar natjecanja 2019<\/strong><\/a><\/p>\n<p><strong><a href=\"http:\/\/www.ips-pljockanje.hr\/wp-content\/uploads\/2018\/10\/KALENDAR-NATJECANJA-2018.pdf\">KALENDAR NATJECANJA 2018<\/a><\/strong><\/p>\n<p><strong><a href=\"http:\/\/www.ips-pljockanje.hr\/wp-content\/uploads\/2018\/10\/PSH-ranglista-pojedina\u010dno-2018.pdf\">PSH ranglista-pojedina\u010dno 2018<\/a><\/strong><\/p>\n<p>********<\/p>\n<p><strong><a href=\"http:\/\/www.ips-pljockanje.hr\/wp-content\/uploads\/2017\/12\/KALENDAR-NATJECANJA-2017.pdf\">KALENDAR NATJECANJA 2017<\/a><\/strong><\/p>\n<p><strong><a href=\"http:\/\/www.ips-pljockanje.hr\/wp-content\/uploads\/2017\/11\/PSH-ranglista-pojedina\u010dno-2017.pdf\">PSH ranglista-pojedina\u010dno 2017<\/a><\/strong><\/p>\n","protected":false},"excerpt":{"rendered":"<p>Turnirska natjecanja odr\u017eavaju se prema KALENDARU NATJECANJA za teku\u0107u godinu. Od 2019. godine, program turnirskih natjecanja donosi promjene u organizaciji i na\u010dinu bodovanja. U organizaciji PSH odr\u017eavati \u0107e se turniri iz serije &#8220;POKAL ALPE-ADRIA&#8221;, koji se boduju prema Propozicijama. Ostali,<\/p>\n","protected":false},"author":2,"featured_media":0,"parent":0,"menu_order":0,"comment_status":"closed","ping_status":"closed","template":"","meta":[],"_links":{"self":[{"href":"https:\/\/www.ips-pljockanje.hr\/index.php?rest_route=\/wp\/v2\/pages\/325"}],"collection":[{"href":"https:\/\/www.ips-pljockanje.hr\/index.php?rest_route=\/wp\/v2\/pages"}],"about":[{"href":"https:\/\/www.ips-pljockanje.hr\/index.php?rest_route=\/wp\/v2\/types\/page"}],"author":[{"embeddable":true,"href":"https:\/\/www.ips-pljockanje.hr\/index.php?rest_route=\/wp\/v2\/users\/2"}],"replies":[{"embeddable":true,"href":"https:\/\/www.ips-pljockanje.hr\/index.php?rest_route=%2Fwp%2Fv2%2Fcomments&post=325"}],"version-history":[{"count":86,"href":"https:\/\/www.ips-pljockanje.hr\/index.php?rest_route=\/wp\/v2\/pages\/325\/revisions"}],"predecessor-version":[{"id":2296,"href":"https:\/\/www.ips-pljockanje.hr\/index.php?rest_route=\/wp\/v2\/pages\/325\/revisions\/2296"}],"wp:attachment":[{"href":"https:\/\/www.ips-pljockanje.hr\/index.php?rest_route=%2Fwp%2Fv2%2Fmedia&parent=325"}],"curies":[{"name":"wp","href":"https:\/\/api.w.org\/{rel}","templated":true}]}}