{"id":172,"date":"2015-01-22T16:54:35","date_gmt":"2015-01-22T15:54:35","guid":{"rendered":"http:\/\/www.ips-pljockanje.hr\/?page_id=172"},"modified":"2023-05-02T22:18:52","modified_gmt":"2023-05-02T21:18:52","slug":"pd-skrilja-pula","status":"publish","type":"page","link":"https:\/\/www.ips-pljockanje.hr\/?page_id=172","title":{"rendered":"DUGORO\u010cNI PLANOVI I RAZVOJ"},"content":{"rendered":"<p><a href=\"http:\/\/www.ips-pljockanje.hr\/wp-content\/uploads\/2021\/02\/NC_pljockanje001.png\"><img decoding=\"async\" loading=\"lazy\" class=\"alignnone size-medium wp-image-1946\" src=\"http:\/\/www.ips-pljockanje.hr\/wp-content\/uploads\/2021\/02\/NC_pljockanje001-300x159.png\" alt=\"\" width=\"300\" height=\"159\" srcset=\"https:\/\/www.ips-pljockanje.hr\/wp-content\/uploads\/2021\/02\/NC_pljockanje001-300x159.png 300w, https:\/\/www.ips-pljockanje.hr\/wp-content\/uploads\/2021\/02\/NC_pljockanje001.png 344w\" sizes=\"(max-width: 300px) 100vw, 300px\" \/> <\/a><a href=\"http:\/\/www.ips-pljockanje.hr\/wp-content\/uploads\/2022\/07\/Sve-reprezentacije-e1657477972646.jpg\"><img decoding=\"async\" loading=\"lazy\" class=\"alignnone  wp-image-2139\" src=\"http:\/\/www.ips-pljockanje.hr\/wp-content\/uploads\/2022\/07\/Sve-reprezentacije-e1657477972646-300x151.jpg\" alt=\"\" width=\"312\" height=\"157\" srcset=\"https:\/\/www.ips-pljockanje.hr\/wp-content\/uploads\/2022\/07\/Sve-reprezentacije-e1657477972646-300x151.jpg 300w, https:\/\/www.ips-pljockanje.hr\/wp-content\/uploads\/2022\/07\/Sve-reprezentacije-e1657477972646.jpg 500w\" sizes=\"(max-width: 312px) 100vw, 312px\" \/><\/a><\/p>\n<p><strong> &#8220;NACIONALNI CENTAR PLJO\u010cKANJA&#8221; u Sv. Petru u \u0160umi<\/strong>, dovr\u0161en je po\u010detkom 2022. godine a u funkciju je stavljen susretom reprezentacija Hrvatske, BiH, Italije i Slovenije koji je odr\u017ean 9. srpnja 2022. godine.<\/p>\n<p>IPS, kao nositelj kulturnog dobra &#8220;pljo\u010dkanja&#8221;, ima vrlo jasnu viziju budu\u0107eg razvoja o \u010demu postoje planovi koji se polako realiziraju a u pripremi su konkretni projekti koji imaju dva osnovna pravca.<\/p>\n<ol>\n<li>stavljanje u funkciju sjedi\u0161ta Saveza u Svetvin\u010dentu i priprema projekta <strong>&#8220;interpretacijsko-edukacijskog centra pljo\u010dkanja&#8221;<\/strong> koji bi bio u funkciji tijekom cijele godine. Realizacija ovog projekta bi otvorila mogu\u0107nost kvalitetnijem radu sa mladima i stvorilo preduvjete za produ\u017eenje natjecateljske sezone na zimski period.<\/li>\n<li>aktivno sudjelovati u projektu da se u sklopu <strong>&#8220;interpretacijsko-edukacijskog centra&#8221;<\/strong> otvori <strong>&#8220;multimedijalni centar tradicijskih igara i sportova&#8221;<\/strong> na kojem bi bile zastupljene, uz &#8220;pljo\u010dkanje&#8221;, i ostale igre i sportovi sa podru\u010dja Istre, Hrvatske i Europe.<\/li>\n<li>nastaviti rad na organizaciji <strong>&#8220;me\u0111unarodnog festivala pljo\u010dkanja&#8221;<\/strong>, ja\u010dati i \u0161iriti suradnju sa asocijacijama sli\u010dnih interesa sa podru\u010dja Europe.<\/li>\n<li><strong>Istarski Pljo\u010dkarski Savez<\/strong> je bio jedan od inicijatora, a <strong>Pljo\u010dkarski Savez Hrvatske<\/strong> je osniva\u010dki \u010dlan <strong>&#8220;Hrvatskog Saveza Tradicijskih Igara i Sportova&#8221; &#8211; HSTIS<\/strong>, sa sjedi\u0161tem u Buzetu. HSTIS je krovna organizacija &#8220;tradicijskih igara i sportova&#8221; u RH a uz <strong>PSH<\/strong>, osniva\u010di su <strong>&#8220;Olimpijada starih \u0161portova&#8221;<\/strong> iz Bro\u0111anaca i <strong>&#8220;Dru\u017eba vitezova zlatnog kale\u017ea&#8221;<\/strong> iz Donje Stubice.<\/li>\n<li>svojim djelovanjem potaknuti institucije i turisti\u010dke djelatnike na\u00a0 pripremu projekata <strong>&#8220;cesti tradicijskih igara i sportova&#8221;<\/strong> kao dio lokalne turisti\u010dke ponude.<\/li>\n<\/ol>\n","protected":false},"excerpt":{"rendered":"<p>&#8220;NACIONALNI CENTAR PLJO\u010cKANJA&#8221; u Sv. Petru u \u0160umi, dovr\u0161en je po\u010detkom 2022. godine a u funkciju je stavljen susretom reprezentacija Hrvatske, BiH, Italije i Slovenije koji je odr\u017ean 9. srpnja 2022. godine. IPS, kao nositelj kulturnog dobra &#8220;pljo\u010dkanja&#8221;, ima vrlo<\/p>\n","protected":false},"author":2,"featured_media":0,"parent":0,"menu_order":0,"comment_status":"closed","ping_status":"closed","template":"","meta":[],"_links":{"self":[{"href":"https:\/\/www.ips-pljockanje.hr\/index.php?rest_route=\/wp\/v2\/pages\/172"}],"collection":[{"href":"https:\/\/www.ips-pljockanje.hr\/index.php?rest_route=\/wp\/v2\/pages"}],"about":[{"href":"https:\/\/www.ips-pljockanje.hr\/index.php?rest_route=\/wp\/v2\/types\/page"}],"author":[{"embeddable":true,"href":"https:\/\/www.ips-pljockanje.hr\/index.php?rest_route=\/wp\/v2\/users\/2"}],"replies":[{"embeddable":true,"href":"https:\/\/www.ips-pljockanje.hr\/index.php?rest_route=%2Fwp%2Fv2%2Fcomments&post=172"}],"version-history":[{"count":16,"href":"https:\/\/www.ips-pljockanje.hr\/index.php?rest_route=\/wp\/v2\/pages\/172\/revisions"}],"predecessor-version":[{"id":2285,"href":"https:\/\/www.ips-pljockanje.hr\/index.php?rest_route=\/wp\/v2\/pages\/172\/revisions\/2285"}],"wp:attachment":[{"href":"https:\/\/www.ips-pljockanje.hr\/index.php?rest_route=%2Fwp%2Fv2%2Fmedia&parent=172"}],"curies":[{"name":"wp","href":"https:\/\/api.w.org\/{rel}","templated":true}]}}