{"id":1491,"date":"2019-03-30T19:48:42","date_gmt":"2019-03-30T18:48:42","guid":{"rendered":"http:\/\/www.ips-pljockanje.hr\/?page_id=1491"},"modified":"2020-10-25T23:19:53","modified_gmt":"2020-10-25T22:19:53","slug":"alpe-adria-medunarodni-turniri","status":"publish","type":"page","link":"https:\/\/www.ips-pljockanje.hr\/?page_id=1491","title":{"rendered":"TURNIRI ALPE-ADRIA"},"content":{"rendered":"<p><a href=\"http:\/\/www.ips-pljockanje.hr\/wp-content\/uploads\/2019\/04\/logo-alpe-adria-2019.png\"><img decoding=\"async\" loading=\"lazy\" class=\"alignnone  wp-image-1517\" src=\"http:\/\/www.ips-pljockanje.hr\/wp-content\/uploads\/2019\/04\/logo-alpe-adria-2019-300x264.png\" alt=\"\" width=\"160\" height=\"141\" srcset=\"https:\/\/www.ips-pljockanje.hr\/wp-content\/uploads\/2019\/04\/logo-alpe-adria-2019-300x264.png 300w, https:\/\/www.ips-pljockanje.hr\/wp-content\/uploads\/2019\/04\/logo-alpe-adria-2019.png 532w\" sizes=\"(max-width: 160px) 100vw, 160px\" \/>\u00a0\u00a0\u00a0<\/a><\/p>\n<p><strong>Od 2019. godine<\/strong>, uvoden je promijenjeni sustav natjecanja u kojemu turniri zauzimaju posebno mjesto sa naglaskom na <strong>me\u0111unarodne turnire<\/strong> pod nazivom <strong>&#8220;POKAL ALPE-ADRIA&#8221;<\/strong>. PSH je u suradnji sa Slovenskim, Talijanskim (iz Friulija) te pljo\u010dkarima iz Bosanskog Grahova, pokrenuo ove turnire sa namjerom da turnirima koji su se odigravali kao &#8220;svjetska prvenstva&#8221; damo novu ulogu u skladu sa zahtjevima sporta, kojima su dodana jo\u0161 tri, pa ih ukupno ima sedam.<br \/>\nNovost predstavlja na\u010din prijavljivanja koji dozvoljava <strong>neograni\u010den broj u\u010desnika<\/strong> pod uvjetom da ekipe budu <strong>sastavljene od igra\u010da iz istog mati\u010dnog kluba \/ udruge<\/strong>. Na svim turnirima \u0107e se napla\u0107ivati kotizacija organizatoru natjecanja u skladu sa Propozicijama.<\/p>\n<p><strong><a href=\"http:\/\/www.ips-pljockanje.hr\/wp-content\/uploads\/2019\/04\/Propozicije-Alpe-Adria.pdf\">Propozicije Alpe-Adria<\/a><\/strong><br \/>\nPrema kojima \u0107e se odigravati turniri. Bodovati \u0107e se prema &#8220;Pravilniku o pljo\u010dkanju&#8221;, pa \u0107e igra\u010d-pojedinac na temelju osvojenih bodova na svih sedam turnira postati nositelj titule <strong>najboljeg pljo\u010dkara Alpe-Adria<\/strong> i osvaja\u010d velikog prijelaznog pehara &#8220;POKAL ALPE-ADRIA&#8221; za 2019. godinu.<br \/>\nRang lista \u0107e biti objavljivana na ovim stranicama.<\/p>\n<p>Nakon odigranih sedam (7) turnira Branko Dru\u017eeta je ostvario najbolji rezultat i stekao titulu najboljeg igra\u010da &#8220;POKALA ALPE-ADRIA&#8221; za 2019. godinu.<\/p>\n<p><a href=\"http:\/\/www.ips-pljockanje.hr\/wp-content\/uploads\/2019\/04\/Bilje-pobjednici-1-e1554738129192.jpg\"><img decoding=\"async\" loading=\"lazy\" class=\"alignnone  wp-image-1519\" src=\"http:\/\/www.ips-pljockanje.hr\/wp-content\/uploads\/2019\/04\/Bilje-pobjednici-1-300x172.jpg\" alt=\"\" width=\"336\" height=\"193\" \/><\/a><\/p>\n<p><strong><a href=\"http:\/\/www.ips-pljockanje.hr\/wp-content\/uploads\/2019\/10\/ALPE-ADRIA-ranking-list-2019.pdf\">ALPE-ADRIA ranking list 2019<\/a><\/strong><\/p>\n","protected":false},"excerpt":{"rendered":"<p>\u00a0\u00a0\u00a0 Od 2019. godine, uvoden je promijenjeni sustav natjecanja u kojemu turniri zauzimaju posebno mjesto sa naglaskom na me\u0111unarodne turnire pod nazivom &#8220;POKAL ALPE-ADRIA&#8221;. PSH je u suradnji sa Slovenskim, Talijanskim (iz Friulija) te pljo\u010dkarima iz Bosanskog Grahova, pokrenuo ove<\/p>\n","protected":false},"author":2,"featured_media":0,"parent":0,"menu_order":0,"comment_status":"closed","ping_status":"closed","template":"","meta":[],"_links":{"self":[{"href":"https:\/\/www.ips-pljockanje.hr\/index.php?rest_route=\/wp\/v2\/pages\/1491"}],"collection":[{"href":"https:\/\/www.ips-pljockanje.hr\/index.php?rest_route=\/wp\/v2\/pages"}],"about":[{"href":"https:\/\/www.ips-pljockanje.hr\/index.php?rest_route=\/wp\/v2\/types\/page"}],"author":[{"embeddable":true,"href":"https:\/\/www.ips-pljockanje.hr\/index.php?rest_route=\/wp\/v2\/users\/2"}],"replies":[{"embeddable":true,"href":"https:\/\/www.ips-pljockanje.hr\/index.php?rest_route=%2Fwp%2Fv2%2Fcomments&post=1491"}],"version-history":[{"count":24,"href":"https:\/\/www.ips-pljockanje.hr\/index.php?rest_route=\/wp\/v2\/pages\/1491\/revisions"}],"predecessor-version":[{"id":1901,"href":"https:\/\/www.ips-pljockanje.hr\/index.php?rest_route=\/wp\/v2\/pages\/1491\/revisions\/1901"}],"wp:attachment":[{"href":"https:\/\/www.ips-pljockanje.hr\/index.php?rest_route=%2Fwp%2Fv2%2Fmedia&parent=1491"}],"curies":[{"name":"wp","href":"https:\/\/api.w.org\/{rel}","templated":true}]}}